{"id":70,"date":"2026-01-21T14:55:37","date_gmt":"2026-01-21T13:55:37","guid":{"rendered":"https:\/\/bcom.margaux.formation-drome.com\/?page_id=70"},"modified":"2026-01-21T14:57:37","modified_gmt":"2026-01-21T13:57:37","slug":"pedagogie-visuelle-mediation-creative","status":"publish","type":"page","link":"http:\/\/bcom.margaux.formation-drome.com\/index.php\/pedagogie-visuelle-mediation-creative\/","title":{"rendered":"P\u00e9dagogie visuelle &#038; M\u00e9diation cr\u00e9ative"},"content":{"rendered":"\n<style type=\"text\/css\" data-created_by=\"avia_inline_auto\" id=\"style-css-av-mko1e0bc-33fba193f137a64111ad55bd3e022533\">\n#top .av-special-heading.av-mko1e0bc-33fba193f137a64111ad55bd3e022533{\npadding-bottom:10px;\n}\nbody .av-special-heading.av-mko1e0bc-33fba193f137a64111ad55bd3e022533 .av-special-heading-tag .heading-char{\nfont-size:25px;\n}\n.av-special-heading.av-mko1e0bc-33fba193f137a64111ad55bd3e022533 .av-subheading{\nfont-size:15px;\n}\n<\/style>\n<div  class='av-special-heading av-mko1e0bc-33fba193f137a64111ad55bd3e022533 av-special-heading-h1 blockquote modern-quote modern-centered  avia-builder-el-0  el_before_av_hr  avia-builder-el-first '><h1 class='av-special-heading-tag'  itemprop=\"headline\"  >\u00ab\u00a0Concevoir, animer, transmettre\u00a0\u00bb<\/h1><div class=\"special-heading-border\"><div class=\"special-heading-inner-border\"><\/div><\/div><\/div>\n\n<style type=\"text\/css\" data-created_by=\"avia_inline_auto\" id=\"style-css-av-mko2hmpq-4ff99d47457e7f735b92845839defcf3\">\n#top .hr.hr-invisible.av-mko2hmpq-4ff99d47457e7f735b92845839defcf3{\nheight:50px;\n}\n<\/style>\n<div  class='hr av-mko2hmpq-4ff99d47457e7f735b92845839defcf3 hr-invisible  avia-builder-el-1  el_after_av_heading  el_before_av_three_fifth '><span class='hr-inner '><span class=\"hr-inner-style\"><\/span><\/span><\/div>\n<div  class='flex_column av-1jsb6-4ed4317b8e6c25cf8ec2b4f08bc43eb7 av_three_fifth  avia-builder-el-2  el_after_av_hr  el_before_av_two_fifth  first flex_column_div  '     ><section  class='av_textblock_section av-mko1okx6-d82ea3ab91d75acf5e51cb614eec4707 '   itemscope=\"itemscope\" itemtype=\"https:\/\/schema.org\/CreativeWork\" ><div class='avia_textblock'  itemprop=\"text\" ><h2>R\u00e9v\u00e9ler le sens, du geste \u00e0 l&rsquo;image.<\/h2>\n<p>Parce qu&rsquo;un savoir-faire ne vit que s&rsquo;il est partag\u00e9 et qu&rsquo;un message ne porte que s&rsquo;il est compris, j&rsquo;ai construit mon activit\u00e9 au carrefour de la p\u00e9dagogie visuelle et de la m\u00e9diation cr\u00e9ative.<br \/>\nMon m\u00e9tier est de cr\u00e9er des passerelles. Je con\u00e7ois des supports p\u00e9dagogiques que j&rsquo;\u00e9prouve directement lors de mes animations d&rsquo;ateliers. Cette validation par le terrain garantit la pertinence de mes cr\u00e9ations et nourrit mes formations techniques.<br \/>\nJe mets mes comp\u00e9tences techniques au service de la transmission, pour valoriser aussi bien le patrimoine naturel que les savoir-faire artisanaux.<\/p>\n<\/div><\/section><\/div><div  class='flex_column av-xf52-251d3152e288abcc125e6e0e02318752 av_two_fifth  avia-builder-el-4  el_after_av_three_fifth  avia-builder-el-last  flex_column_div  '     ><section  class='av_textblock_section av-mko26fv7-dd0656eff5f7b30e8e0546305f200d08 '   itemscope=\"itemscope\" itemtype=\"https:\/\/schema.org\/CreativeWork\" ><div class='avia_textblock'  itemprop=\"text\" ><p><img fetchpriority=\"high\" decoding=\"async\" class=\"alignnone size-full wp-image-71\" src=\"http:\/\/bcom.margaux.formation-drome.com\/wp-content\/uploads\/2026\/01\/pedagogie-visuelle-et-mediation-creative.jpg\" alt=\"p\u00e9dagogie visuelle et m\u00e9diation cr\u00e9ative\" width=\"640\" height=\"360\" \/><\/p>\n<\/div><\/section><\/div><\/p>\n","protected":false},"excerpt":{"rendered":"","protected":false},"author":1,"featured_media":0,"parent":0,"menu_order":0,"comment_status":"closed","ping_status":"closed","template":"","meta":{"footnotes":""},"class_list":["post-70","page","type-page","status-publish","hentry"],"yoast_head":"<!-- This site is optimized with the Yoast SEO plugin v27.3 - https:\/\/yoast.com\/product\/yoast-seo-wordpress\/ -->\n<title>P\u00e9dagogie visuelle &amp; M\u00e9diation cr\u00e9ative - Pinceaux Sauvages<\/title>\n<meta name=\"description\" content=\"Concevoir. Animer. Transmettre. Parce qu&#039;un savoir-faire ne vit que s&#039;il est partag\u00e9 et qu&#039;un message ne porte que s&#039;il est compris.\" \/>\n<meta name=\"robots\" content=\"noindex, follow, max-snippet:-1, max-image-preview:large, max-video-preview:-1\" \/>\n<meta property=\"og:locale\" content=\"fr_FR\" \/>\n<meta property=\"og:type\" content=\"article\" \/>\n<meta property=\"og:title\" content=\"P\u00e9dagogie visuelle &amp; M\u00e9diation cr\u00e9ative - Pinceaux Sauvages\" \/>\n<meta property=\"og:description\" content=\"Concevoir. Animer. Transmettre. Parce qu&#039;un savoir-faire ne vit que s&#039;il est partag\u00e9 et qu&#039;un message ne porte que s&#039;il est compris.\" \/>\n<meta property=\"og:url\" content=\"https:\/\/bcom.margaux.formation-drome.com\/index.php\/pedagogie-visuelle-mediation-creative\/\" \/>\n<meta property=\"og:site_name\" content=\"Pinceaux Sauvages\" \/>\n<meta property=\"article:modified_time\" content=\"2026-01-21T13:57:37+00:00\" \/>\n<meta property=\"og:image\" content=\"http:\/\/bcom.margaux.formation-drome.com\/wp-content\/uploads\/2026\/01\/pedagogie-visuelle-et-mediation-creative.jpg\" \/>\n<meta name=\"twitter:card\" content=\"summary_large_image\" \/>\n<meta name=\"twitter:label1\" content=\"Dur\u00e9e de lecture estim\u00e9e\" \/>\n\t<meta name=\"twitter:data1\" content=\"1 minute\" \/>\n<script type=\"application\/ld+json\" class=\"yoast-schema-graph\">{\"@context\":\"https:\\\/\\\/schema.org\",\"@graph\":[{\"@type\":\"WebPage\",\"@id\":\"https:\\\/\\\/bcom.margaux.formation-drome.com\\\/index.php\\\/pedagogie-visuelle-mediation-creative\\\/\",\"url\":\"https:\\\/\\\/bcom.margaux.formation-drome.com\\\/index.php\\\/pedagogie-visuelle-mediation-creative\\\/\",\"name\":\"P\u00e9dagogie visuelle & M\u00e9diation cr\u00e9ative - Pinceaux Sauvages\",\"isPartOf\":{\"@id\":\"https:\\\/\\\/bcom.margaux.formation-drome.com\\\/#website\"},\"primaryImageOfPage\":{\"@id\":\"https:\\\/\\\/bcom.margaux.formation-drome.com\\\/index.php\\\/pedagogie-visuelle-mediation-creative\\\/#primaryimage\"},\"image\":{\"@id\":\"https:\\\/\\\/bcom.margaux.formation-drome.com\\\/index.php\\\/pedagogie-visuelle-mediation-creative\\\/#primaryimage\"},\"thumbnailUrl\":\"http:\\\/\\\/bcom.margaux.formation-drome.com\\\/wp-content\\\/uploads\\\/2026\\\/01\\\/pedagogie-visuelle-et-mediation-creative.jpg\",\"datePublished\":\"2026-01-21T13:55:37+00:00\",\"dateModified\":\"2026-01-21T13:57:37+00:00\",\"description\":\"Concevoir. Animer. Transmettre. Parce qu'un savoir-faire ne vit que s'il est partag\u00e9 et qu'un message ne porte que s'il est compris.\",\"breadcrumb\":{\"@id\":\"https:\\\/\\\/bcom.margaux.formation-drome.com\\\/index.php\\\/pedagogie-visuelle-mediation-creative\\\/#breadcrumb\"},\"inLanguage\":\"fr-FR\",\"potentialAction\":[{\"@type\":\"ReadAction\",\"target\":[\"https:\\\/\\\/bcom.margaux.formation-drome.com\\\/index.php\\\/pedagogie-visuelle-mediation-creative\\\/\"]}]},{\"@type\":\"ImageObject\",\"inLanguage\":\"fr-FR\",\"@id\":\"https:\\\/\\\/bcom.margaux.formation-drome.com\\\/index.php\\\/pedagogie-visuelle-mediation-creative\\\/#primaryimage\",\"url\":\"\",\"contentUrl\":\"\"},{\"@type\":\"BreadcrumbList\",\"@id\":\"https:\\\/\\\/bcom.margaux.formation-drome.com\\\/index.php\\\/pedagogie-visuelle-mediation-creative\\\/#breadcrumb\",\"itemListElement\":[{\"@type\":\"ListItem\",\"position\":1,\"name\":\"Accueil\",\"item\":\"https:\\\/\\\/bcom.margaux.formation-drome.com\\\/\"},{\"@type\":\"ListItem\",\"position\":2,\"name\":\"P\u00e9dagogie visuelle &#038; M\u00e9diation cr\u00e9ative\"}]},{\"@type\":\"WebSite\",\"@id\":\"https:\\\/\\\/bcom.margaux.formation-drome.com\\\/#website\",\"url\":\"https:\\\/\\\/bcom.margaux.formation-drome.com\\\/\",\"name\":\"Pinceaux Sauvages\",\"description\":\"\",\"potentialAction\":[{\"@type\":\"SearchAction\",\"target\":{\"@type\":\"EntryPoint\",\"urlTemplate\":\"https:\\\/\\\/bcom.margaux.formation-drome.com\\\/?s={search_term_string}\"},\"query-input\":{\"@type\":\"PropertyValueSpecification\",\"valueRequired\":true,\"valueName\":\"search_term_string\"}}],\"inLanguage\":\"fr-FR\"}]}<\/script>\n<!-- \/ Yoast SEO plugin. -->","yoast_head_json":{"title":"P\u00e9dagogie visuelle & M\u00e9diation cr\u00e9ative - Pinceaux Sauvages","description":"Concevoir. Animer. Transmettre. Parce qu'un savoir-faire ne vit que s'il est partag\u00e9 et qu'un message ne porte que s'il est compris.","robots":{"index":"noindex","follow":"follow","max-snippet":"max-snippet:-1","max-image-preview":"max-image-preview:large","max-video-preview":"max-video-preview:-1"},"og_locale":"fr_FR","og_type":"article","og_title":"P\u00e9dagogie visuelle & M\u00e9diation cr\u00e9ative - Pinceaux Sauvages","og_description":"Concevoir. Animer. Transmettre. Parce qu'un savoir-faire ne vit que s'il est partag\u00e9 et qu'un message ne porte que s'il est compris.","og_url":"https:\/\/bcom.margaux.formation-drome.com\/index.php\/pedagogie-visuelle-mediation-creative\/","og_site_name":"Pinceaux Sauvages","article_modified_time":"2026-01-21T13:57:37+00:00","og_image":[{"url":"http:\/\/bcom.margaux.formation-drome.com\/wp-content\/uploads\/2026\/01\/pedagogie-visuelle-et-mediation-creative.jpg","type":"","width":"","height":""}],"twitter_card":"summary_large_image","twitter_misc":{"Dur\u00e9e de lecture estim\u00e9e":"1 minute"},"schema":{"@context":"https:\/\/schema.org","@graph":[{"@type":"WebPage","@id":"https:\/\/bcom.margaux.formation-drome.com\/index.php\/pedagogie-visuelle-mediation-creative\/","url":"https:\/\/bcom.margaux.formation-drome.com\/index.php\/pedagogie-visuelle-mediation-creative\/","name":"P\u00e9dagogie visuelle & M\u00e9diation cr\u00e9ative - Pinceaux Sauvages","isPartOf":{"@id":"https:\/\/bcom.margaux.formation-drome.com\/#website"},"primaryImageOfPage":{"@id":"https:\/\/bcom.margaux.formation-drome.com\/index.php\/pedagogie-visuelle-mediation-creative\/#primaryimage"},"image":{"@id":"https:\/\/bcom.margaux.formation-drome.com\/index.php\/pedagogie-visuelle-mediation-creative\/#primaryimage"},"thumbnailUrl":"http:\/\/bcom.margaux.formation-drome.com\/wp-content\/uploads\/2026\/01\/pedagogie-visuelle-et-mediation-creative.jpg","datePublished":"2026-01-21T13:55:37+00:00","dateModified":"2026-01-21T13:57:37+00:00","description":"Concevoir. Animer. Transmettre. Parce qu'un savoir-faire ne vit que s'il est partag\u00e9 et qu'un message ne porte que s'il est compris.","breadcrumb":{"@id":"https:\/\/bcom.margaux.formation-drome.com\/index.php\/pedagogie-visuelle-mediation-creative\/#breadcrumb"},"inLanguage":"fr-FR","potentialAction":[{"@type":"ReadAction","target":["https:\/\/bcom.margaux.formation-drome.com\/index.php\/pedagogie-visuelle-mediation-creative\/"]}]},{"@type":"ImageObject","inLanguage":"fr-FR","@id":"https:\/\/bcom.margaux.formation-drome.com\/index.php\/pedagogie-visuelle-mediation-creative\/#primaryimage","url":"","contentUrl":""},{"@type":"BreadcrumbList","@id":"https:\/\/bcom.margaux.formation-drome.com\/index.php\/pedagogie-visuelle-mediation-creative\/#breadcrumb","itemListElement":[{"@type":"ListItem","position":1,"name":"Accueil","item":"https:\/\/bcom.margaux.formation-drome.com\/"},{"@type":"ListItem","position":2,"name":"P\u00e9dagogie visuelle &#038; M\u00e9diation cr\u00e9ative"}]},{"@type":"WebSite","@id":"https:\/\/bcom.margaux.formation-drome.com\/#website","url":"https:\/\/bcom.margaux.formation-drome.com\/","name":"Pinceaux Sauvages","description":"","potentialAction":[{"@type":"SearchAction","target":{"@type":"EntryPoint","urlTemplate":"https:\/\/bcom.margaux.formation-drome.com\/?s={search_term_string}"},"query-input":{"@type":"PropertyValueSpecification","valueRequired":true,"valueName":"search_term_string"}}],"inLanguage":"fr-FR"}]}},"jetpack_sharing_enabled":true,"_links":{"self":[{"href":"http:\/\/bcom.margaux.formation-drome.com\/index.php\/wp-json\/wp\/v2\/pages\/70","targetHints":{"allow":["GET"]}}],"collection":[{"href":"http:\/\/bcom.margaux.formation-drome.com\/index.php\/wp-json\/wp\/v2\/pages"}],"about":[{"href":"http:\/\/bcom.margaux.formation-drome.com\/index.php\/wp-json\/wp\/v2\/types\/page"}],"author":[{"embeddable":true,"href":"http:\/\/bcom.margaux.formation-drome.com\/index.php\/wp-json\/wp\/v2\/users\/1"}],"replies":[{"embeddable":true,"href":"http:\/\/bcom.margaux.formation-drome.com\/index.php\/wp-json\/wp\/v2\/comments?post=70"}],"version-history":[{"count":5,"href":"http:\/\/bcom.margaux.formation-drome.com\/index.php\/wp-json\/wp\/v2\/pages\/70\/revisions"}],"predecessor-version":[{"id":76,"href":"http:\/\/bcom.margaux.formation-drome.com\/index.php\/wp-json\/wp\/v2\/pages\/70\/revisions\/76"}],"wp:attachment":[{"href":"http:\/\/bcom.margaux.formation-drome.com\/index.php\/wp-json\/wp\/v2\/media?parent=70"}],"curies":[{"name":"wp","href":"https:\/\/api.w.org\/{rel}","templated":true}]}}